{"id":6943,"date":"2023-06-23T16:05:58","date_gmt":"2023-06-23T14:05:58","guid":{"rendered":"https:\/\/www.cnf-ce.com\/?page_id=6943"},"modified":"2023-06-23T16:07:41","modified_gmt":"2023-06-23T14:07:41","slug":"la-transparence","status":"publish","type":"page","link":"https:\/\/www.cnf-ce.com\/fr\/trasparenza\/","title":{"rendered":"Transparence"},"content":{"rendered":"<div data-elementor-type=\"wp-page\" data-elementor-id=\"6943\" class=\"elementor elementor-6943\" data-elementor-post-type=\"page\">\n\t\t\t\t\t\t<section class=\"has_eae_slider elementor-section elementor-top-section elementor-element elementor-element-322c36ce elementor-section-boxed elementor-section-height-default elementor-section-height-default wpr-sticky-section-no wpr-equal-height-no\" data-eae-slider=\"45866\" data-id=\"322c36ce\" data-element_type=\"section\" data-e-type=\"section\">\n\t\t\t\t\t\t<div class=\"elementor-container elementor-column-gap-default\">\n\t\t\t\t\t<div class=\"has_eae_slider elementor-column elementor-col-100 elementor-top-column elementor-element elementor-element-b9b48f1\" data-eae-slider=\"65375\" data-id=\"b9b48f1\" data-element_type=\"column\" data-e-type=\"column\">\n\t\t\t<div class=\"elementor-widget-wrap elementor-element-populated\">\n\t\t\t\t\t\t<div class=\"elementor-element elementor-element-2a59bb9f elementor-widget elementor-widget-heading\" data-id=\"2a59bb9f\" data-element_type=\"widget\" data-e-type=\"widget\" data-widget_type=\"heading.default\">\n\t\t\t\t<div class=\"elementor-widget-container\">\n\t\t\t\t\t<h2 class=\"elementor-heading-title elementor-size-default\">TRANSPARENCE<\/h2>\t\t\t\t<\/div>\n\t\t\t\t<\/div>\n\t\t\t\t<div class=\"elementor-element elementor-element-5d1c778c elementor-widget elementor-widget-text-editor\" data-id=\"5d1c778c\" data-element_type=\"widget\" data-e-type=\"widget\" data-widget_type=\"text-editor.default\">\n\t\t\t\t<div class=\"elementor-widget-container\">\n\t\t\t\t\t\t\t\t\tL'entreprise d\u00e9clare avoir re\u00e7u des aides d'administrations publiques soumises \u00e0 l'obligation de publication dans le \u201cregistre national des aides d'\u00c9tat\u201d.<br><br>\n\nLoi 57\/2001, Loi 234\/2012, D\u00e9cret minist\u00e9riel 22\/12\/2016, D\u00e9cret interminist\u00e9riel 115\/2017\nR\u00e9gion des Pouilles - 01105250722 - SA.59255 - SA.58802<br><br>\n\nToute information \u00e0 leur sujet peut \u00eatre obtenue en acc\u00e9dant \u00e0 la section \u201ctransparence\u201d du \"Registre national des aides d'\u00c9tat\", accessible en se connectant au portail Internet : www.rna.gov.it.\t\t\t\t\t\t\t\t<\/div>\n\t\t\t\t<\/div>\n\t\t\t\t\t<\/div>\n\t\t<\/div>\n\t\t\t\t\t<\/div>\n\t\t<\/section>\n\t\t\t\t<\/div>","protected":false},"excerpt":{"rendered":"<p>TRASPARENZA L&#8217;azienda dichiara di aver percepito aiuti da parte di pubbliche amministrazioni oggetto di obbligo di pubblicazione nell&#8217;ambito del &#8220;Registro nazionale degli aiuti di Stato&#8221;. Legge 57\/2001, legge 234\/2012, DM 22\/12\/2016, Decreto Interministeriale 115\/2017 Regione Puglia &#8211; 01105250722 &#8211; SA.59255 &#8211; SA.58802 Ogni notizia ad essi relativa potr\u00e0 essere acquisita accedendo alla sezione trasparenza del &#8220;Registro Nazionale Aiuti di Stato&#8221;, raggiungibile collegandosi al portale internet: www.rna.gov.it<\/p>","protected":false},"author":1,"featured_media":0,"parent":0,"menu_order":0,"comment_status":"closed","ping_status":"closed","template":"","meta":{"footnotes":""},"class_list":["post-6943","page","type-page","status-publish","hentry"],"yoast_head":"<!-- This site is optimized with the Yoast SEO plugin v27.3 - https:\/\/yoast.com\/product\/yoast-seo-wordpress\/ -->\n<title>Trasparenza - CNF<\/title>\n<meta name=\"robots\" content=\"index, follow, max-snippet:-1, max-image-preview:large, max-video-preview:-1\" \/>\n<link rel=\"canonical\" href=\"https:\/\/www.cnf-ce.com\/fr\/la-transparence\/\" \/>\n<meta property=\"og:locale\" content=\"fr_FR\" \/>\n<meta property=\"og:type\" content=\"article\" \/>\n<meta property=\"og:title\" content=\"Trasparenza - CNF\" \/>\n<meta property=\"og:description\" content=\"TRASPARENZA L&#8217;azienda dichiara di aver percepito aiuti da parte di pubbliche amministrazioni oggetto di obbligo di pubblicazione nell&#8217;ambito del &#8220;Registro nazionale degli aiuti di Stato&#8221;. Legge 57\/2001, legge 234\/2012, DM 22\/12\/2016, Decreto Interministeriale 115\/2017 Regione Puglia &#8211; 01105250722 &#8211; SA.59255 &#8211; SA.58802 Ogni notizia ad essi relativa potr\u00e0 essere acquisita accedendo alla sezione trasparenza del &#8220;Registro Nazionale Aiuti di Stato&#8221;, raggiungibile collegandosi al portale internet: www.rna.gov.it\" \/>\n<meta property=\"og:url\" content=\"https:\/\/www.cnf-ce.com\/fr\/la-transparence\/\" \/>\n<meta property=\"og:site_name\" content=\"CNF\" \/>\n<meta property=\"article:modified_time\" content=\"2023-06-23T14:07:41+00:00\" \/>\n<meta name=\"twitter:card\" content=\"summary_large_image\" \/>\n<meta name=\"twitter:label1\" content=\"Dur\u00e9e de lecture estim\u00e9e\" \/>\n\t<meta name=\"twitter:data1\" content=\"1 minute\" \/>\n<script type=\"application\/ld+json\" class=\"yoast-schema-graph\">{\"@context\":\"https:\\\/\\\/schema.org\",\"@graph\":[{\"@type\":\"WebPage\",\"@id\":\"https:\\\/\\\/www.cnf-ce.com\\\/trasparenza\\\/\",\"url\":\"https:\\\/\\\/www.cnf-ce.com\\\/trasparenza\\\/\",\"name\":\"Trasparenza - CNF\",\"isPartOf\":{\"@id\":\"https:\\\/\\\/www.cnf-ce.com\\\/#website\"},\"datePublished\":\"2023-06-23T14:05:58+00:00\",\"dateModified\":\"2023-06-23T14:07:41+00:00\",\"breadcrumb\":{\"@id\":\"https:\\\/\\\/www.cnf-ce.com\\\/trasparenza\\\/#breadcrumb\"},\"inLanguage\":\"fr-FR\",\"potentialAction\":[{\"@type\":\"ReadAction\",\"target\":[\"https:\\\/\\\/www.cnf-ce.com\\\/trasparenza\\\/\"]}]},{\"@type\":\"BreadcrumbList\",\"@id\":\"https:\\\/\\\/www.cnf-ce.com\\\/trasparenza\\\/#breadcrumb\",\"itemListElement\":[{\"@type\":\"ListItem\",\"position\":1,\"name\":\"Home\",\"item\":\"https:\\\/\\\/www.cnf-ce.com\\\/\"},{\"@type\":\"ListItem\",\"position\":2,\"name\":\"Trasparenza\"}]},{\"@type\":\"WebSite\",\"@id\":\"https:\\\/\\\/www.cnf-ce.com\\\/#website\",\"url\":\"https:\\\/\\\/www.cnf-ce.com\\\/\",\"name\":\"CNF\",\"description\":\"Construction Equipment\",\"publisher\":{\"@id\":\"https:\\\/\\\/www.cnf-ce.com\\\/#organization\"},\"potentialAction\":[{\"@type\":\"SearchAction\",\"target\":{\"@type\":\"EntryPoint\",\"urlTemplate\":\"https:\\\/\\\/www.cnf-ce.com\\\/?s={search_term_string}\"},\"query-input\":{\"@type\":\"PropertyValueSpecification\",\"valueRequired\":true,\"valueName\":\"search_term_string\"}}],\"inLanguage\":\"fr-FR\"},{\"@type\":\"Organization\",\"@id\":\"https:\\\/\\\/www.cnf-ce.com\\\/#organization\",\"name\":\"CNF\",\"url\":\"https:\\\/\\\/www.cnf-ce.com\\\/\",\"logo\":{\"@type\":\"ImageObject\",\"inLanguage\":\"fr-FR\",\"@id\":\"https:\\\/\\\/www.cnf-ce.com\\\/#\\\/schema\\\/logo\\\/image\\\/\",\"url\":\"https:\\\/\\\/www.cnf-ce.com\\\/wp-content\\\/uploads\\\/2022\\\/09\\\/CNF_favicon.svg\",\"contentUrl\":\"https:\\\/\\\/www.cnf-ce.com\\\/wp-content\\\/uploads\\\/2022\\\/09\\\/CNF_favicon.svg\",\"width\":512,\"height\":512,\"caption\":\"CNF\"},\"image\":{\"@id\":\"https:\\\/\\\/www.cnf-ce.com\\\/#\\\/schema\\\/logo\\\/image\\\/\"}}]}<\/script>\n<!-- \/ Yoast SEO plugin. -->","yoast_head_json":{"title":"Transparence - CNF","robots":{"index":"index","follow":"follow","max-snippet":"max-snippet:-1","max-image-preview":"max-image-preview:large","max-video-preview":"max-video-preview:-1"},"canonical":"https:\/\/www.cnf-ce.com\/fr\/la-transparence\/","og_locale":"fr_FR","og_type":"article","og_title":"Trasparenza - CNF","og_description":"TRASPARENZA L&#8217;azienda dichiara di aver percepito aiuti da parte di pubbliche amministrazioni oggetto di obbligo di pubblicazione nell&#8217;ambito del &#8220;Registro nazionale degli aiuti di Stato&#8221;. Legge 57\/2001, legge 234\/2012, DM 22\/12\/2016, Decreto Interministeriale 115\/2017 Regione Puglia &#8211; 01105250722 &#8211; SA.59255 &#8211; SA.58802 Ogni notizia ad essi relativa potr\u00e0 essere acquisita accedendo alla sezione trasparenza del &#8220;Registro Nazionale Aiuti di Stato&#8221;, raggiungibile collegandosi al portale internet: www.rna.gov.it","og_url":"https:\/\/www.cnf-ce.com\/fr\/la-transparence\/","og_site_name":"CNF","article_modified_time":"2023-06-23T14:07:41+00:00","twitter_card":"summary_large_image","twitter_misc":{"Dur\u00e9e de lecture estim\u00e9e":"1 minute"},"schema":{"@context":"https:\/\/schema.org","@graph":[{"@type":"WebPage","@id":"https:\/\/www.cnf-ce.com\/trasparenza\/","url":"https:\/\/www.cnf-ce.com\/trasparenza\/","name":"Transparence - CNF","isPartOf":{"@id":"https:\/\/www.cnf-ce.com\/#website"},"datePublished":"2023-06-23T14:05:58+00:00","dateModified":"2023-06-23T14:07:41+00:00","breadcrumb":{"@id":"https:\/\/www.cnf-ce.com\/trasparenza\/#breadcrumb"},"inLanguage":"fr-FR","potentialAction":[{"@type":"ReadAction","target":["https:\/\/www.cnf-ce.com\/trasparenza\/"]}]},{"@type":"BreadcrumbList","@id":"https:\/\/www.cnf-ce.com\/trasparenza\/#breadcrumb","itemListElement":[{"@type":"ListItem","position":1,"name":"Home","item":"https:\/\/www.cnf-ce.com\/"},{"@type":"ListItem","position":2,"name":"Trasparenza"}]},{"@type":"WebSite","@id":"https:\/\/www.cnf-ce.com\/#website","url":"https:\/\/www.cnf-ce.com\/","name":"CNF","description":"Mat\u00e9riel de construction","publisher":{"@id":"https:\/\/www.cnf-ce.com\/#organization"},"potentialAction":[{"@type":"SearchAction","target":{"@type":"EntryPoint","urlTemplate":"https:\/\/www.cnf-ce.com\/?s={search_term_string}"},"query-input":{"@type":"PropertyValueSpecification","valueRequired":true,"valueName":"search_term_string"}}],"inLanguage":"fr-FR"},{"@type":"Organization","@id":"https:\/\/www.cnf-ce.com\/#organization","name":"CNF","url":"https:\/\/www.cnf-ce.com\/","logo":{"@type":"ImageObject","inLanguage":"fr-FR","@id":"https:\/\/www.cnf-ce.com\/#\/schema\/logo\/image\/","url":"https:\/\/www.cnf-ce.com\/wp-content\/uploads\/2022\/09\/CNF_favicon.svg","contentUrl":"https:\/\/www.cnf-ce.com\/wp-content\/uploads\/2022\/09\/CNF_favicon.svg","width":512,"height":512,"caption":"CNF"},"image":{"@id":"https:\/\/www.cnf-ce.com\/#\/schema\/logo\/image\/"}}]}},"rttpg_featured_image_url":null,"rttpg_author":{"display_name":"admin","author_link":"https:\/\/www.cnf-ce.com\/fr\/author\/admin\/"},"rttpg_comment":0,"rttpg_category":null,"rttpg_excerpt":"TRASPARENZA L&#8217;azienda dichiara di aver percepito aiuti da parte di pubbliche amministrazioni oggetto di obbligo di pubblicazione nell&#8217;ambito del &#8220;Registro nazionale degli aiuti di Stato&#8221;. Legge 57\/2001, legge 234\/2012, DM 22\/12\/2016, Decreto Interministeriale 115\/2017 Regione Puglia &#8211; 01105250722 &#8211; SA.59255 &#8211; SA.58802 Ogni notizia ad essi relativa potr\u00e0 essere acquisita accedendo alla sezione trasparenza del\u2026","_links":{"self":[{"href":"https:\/\/www.cnf-ce.com\/fr\/wp-json\/wp\/v2\/pages\/6943","targetHints":{"allow":["GET"]}}],"collection":[{"href":"https:\/\/www.cnf-ce.com\/fr\/wp-json\/wp\/v2\/pages"}],"about":[{"href":"https:\/\/www.cnf-ce.com\/fr\/wp-json\/wp\/v2\/types\/page"}],"author":[{"embeddable":true,"href":"https:\/\/www.cnf-ce.com\/fr\/wp-json\/wp\/v2\/users\/1"}],"replies":[{"embeddable":true,"href":"https:\/\/www.cnf-ce.com\/fr\/wp-json\/wp\/v2\/comments?post=6943"}],"version-history":[{"count":4,"href":"https:\/\/www.cnf-ce.com\/fr\/wp-json\/wp\/v2\/pages\/6943\/revisions"}],"predecessor-version":[{"id":6948,"href":"https:\/\/www.cnf-ce.com\/fr\/wp-json\/wp\/v2\/pages\/6943\/revisions\/6948"}],"wp:attachment":[{"href":"https:\/\/www.cnf-ce.com\/fr\/wp-json\/wp\/v2\/media?parent=6943"}],"curies":[{"name":"wp","href":"https:\/\/api.w.org\/{rel}","templated":true}]}}